{"id":59551,"date":"2025-10-23T15:44:23","date_gmt":"2025-10-23T18:44:23","guid":{"rendered":"https:\/\/tributanaotributa.com.br\/?page_id=59551"},"modified":"2025-10-23T15:45:15","modified_gmt":"2025-10-23T18:45:15","slug":"obrigado-admissao-temporaria","status":"publish","type":"page","link":"https:\/\/tributanaotributa.com.br\/en\/obrigado-admissao-temporaria\/","title":{"rendered":"Obrigado &#8211; admiss\u00e3o tempor\u00e1ria"},"content":{"rendered":"<div data-elementor-type=\"wp-page\" data-elementor-id=\"59551\" class=\"elementor elementor-59551\" data-elementor-post-type=\"page\">\n\t\t\t\t<div data-particle_enable=\"false\" data-particle-mobile-disabled=\"false\" class=\"elementor-element elementor-element-5b1bc33 e-flex e-con-boxed e-con e-parent\" data-id=\"5b1bc33\" data-element_type=\"container\" data-settings=\"{&quot;background_background&quot;:&quot;classic&quot;}\">\n\t\t\t\t\t<div class=\"e-con-inner\">\n\t\t\t\t<div class=\"elementor-element elementor-element-4c3b9a8 elementor-widget elementor-widget-image\" data-id=\"4c3b9a8\" data-element_type=\"widget\" data-widget_type=\"image.default\">\n\t\t\t\t<div class=\"elementor-widget-container\">\n\t\t\t\t\t\t\t\t\t\t\t\t\t\t\t<img decoding=\"async\" width=\"250\" height=\"90\" data-src=\"https:\/\/tributanaotributa.com.br\/wp-content\/uploads\/2024\/08\/logo-TNT-2024-250c90.png\" class=\"attachment-large size-large wp-image-55996 lazyload\" alt=\"logo do tnt\" src=\"data:image\/svg+xml;base64,PHN2ZyB3aWR0aD0iMSIgaGVpZ2h0PSIxIiB4bWxucz0iaHR0cDovL3d3dy53My5vcmcvMjAwMC9zdmciPjwvc3ZnPg==\" style=\"--smush-placeholder-width: 250px; --smush-placeholder-aspect-ratio: 250\/90;\" \/>\t\t\t\t\t\t\t\t\t\t\t\t\t\t\t<\/div>\n\t\t\t\t<\/div>\n\t\t\t\t<div class=\"elementor-element elementor-element-6f906ae elementor-widget elementor-widget-heading\" data-id=\"6f906ae\" data-element_type=\"widget\" data-widget_type=\"heading.default\">\n\t\t\t\t<div class=\"elementor-widget-container\">\n\t\t\t\t\t<h2 class=\"elementor-heading-title elementor-size-default\">Obrigado!<\/h2>\t\t\t\t<\/div>\n\t\t\t\t<\/div>\n\t\t\t\t<div class=\"elementor-element elementor-element-e1b410b elementor-widget-divider--view-line elementor-widget elementor-widget-divider\" data-id=\"e1b410b\" data-element_type=\"widget\" data-widget_type=\"divider.default\">\n\t\t\t\t<div class=\"elementor-widget-container\">\n\t\t\t\t\t\t\t<div class=\"elementor-divider\">\n\t\t\t<span class=\"elementor-divider-separator\">\n\t\t\t\t\t\t<\/span>\n\t\t<\/div>\n\t\t\t\t\t\t<\/div>\n\t\t\t\t<\/div>\n\t\t\t\t<div class=\"elementor-element elementor-element-c372f62 elementor-widget__width-initial elementor-widget-mobile__width-inherit elementor-widget elementor-widget-text-editor\" data-id=\"c372f62\" data-element_type=\"widget\" data-widget_type=\"text-editor.default\">\n\t\t\t\t<div class=\"elementor-widget-container\">\n\t\t\t\t\t\t\t\t\t<p>Formul\u00e1rio enviado com sucesso.<\/p><p><strong>Clique no bot\u00e3o a seguir<\/strong> para fazer o download do material exclusivo TRIBUTA ou N\u00c3O TRIBUTA.<\/p>\t\t\t\t\t\t\t\t<\/div>\n\t\t\t\t<\/div>\n\t\t\t\t<div class=\"elementor-element elementor-element-70c61e2 elementor-align-center elementor-widget elementor-widget-the7_button_widget\" data-id=\"70c61e2\" data-element_type=\"widget\" data-widget_type=\"the7_button_widget.default\">\n\t\t\t\t<div class=\"elementor-widget-container\">\n\t\t\t\t\t<div class=\"elementor-button-wrapper\"><a href=\"https:\/\/tributanaotributa.com.br\/wp-content\/uploads\/2025\/10\/mc_admissao-temporaria_compressed.pdf\" download=\"\" class=\"box-button elementor-button elementor-size-xl\">Download<svg aria-hidden=\"true\" class=\"elementor-button-icon e-font-icon-svg e-far-file-pdf\" viewbox=\"0 0 384 512\" xmlns=\"http:\/\/www.w3.org\/2000\/svg\"><path d=\"M369.9 97.9L286 14C277 5 264.8-.1 252.1-.1H48C21.5 0 0 21.5 0 48v416c0 26.5 21.5 48 48 48h288c26.5 0 48-21.5 48-48V131.9c0-12.7-5.1-25-14.1-34zM332.1 128H256V51.9l76.1 76.1zM48 464V48h160v104c0 13.3 10.7 24 24 24h104v288H48zm250.2-143.7c-12.2-12-47-8.7-64.4-6.5-17.2-10.5-28.7-25-36.8-46.3 3.9-16.1 10.1-40.6 5.4-56-4.2-26.2-37.8-23.6-42.6-5.9-4.4 16.1-.4 38.5 7 67.1-10 23.9-24.9 56-35.4 74.4-20 10.3-47 26.2-51 46.2-3.3 15.8 26 55.2 76.1-31.2 22.4-7.4 46.8-16.5 68.4-20.1 18.9 10.2 41 17 55.8 17 25.5 0 28-28.2 17.5-38.7zm-198.1 77.8c5.1-13.7 24.5-29.5 30.4-35-19 30.3-30.4 35.7-30.4 35zm81.6-190.6c7.4 0 6.7 32.1 1.8 40.8-4.4-13.9-4.3-40.8-1.8-40.8zm-24.4 136.6c9.7-16.9 18-37 24.7-54.7 8.3 15.1 18.9 27.2 30.1 35.5-20.8 4.3-38.9 13.1-54.8 19.2zm131.6-5s-5 6-37.3-7.8c35.1-2.6 40.9 5.4 37.3 7.8z\"><\/path><\/svg><\/a><\/div>\t\t\t\t<\/div>\n\t\t\t\t<\/div>\n\t\t\t\t<div class=\"elementor-element elementor-element-5e417db elementor-widget elementor-widget-text-editor\" data-id=\"5e417db\" data-element_type=\"widget\" data-widget_type=\"text-editor.default\">\n\t\t\t\t<div class=\"elementor-widget-container\">\n\t\t\t\t\t\t\t\t\t<p><span style=\"text-decoration: underline;\"><a href=\"https:\/\/tributanaotributa.com.br\/en\/\">Voltar ao in\u00edcio<\/a><\/span><\/p>\t\t\t\t\t\t\t\t<\/div>\n\t\t\t\t<\/div>\n\t\t\t\t\t<\/div>\n\t\t\t\t<\/div>\n\t\t\t\t<\/div>","protected":false},"excerpt":{"rendered":"<p>Obrigado! Formul\u00e1rio enviado com sucesso. Clique no bot\u00e3o a seguir para fazer o download do material exclusivo TRIBUTA ou N\u00c3O TRIBUTA. Download Voltar ao in\u00edcio<\/p>","protected":false},"author":2,"featured_media":0,"parent":0,"menu_order":12,"comment_status":"closed","ping_status":"closed","template":"elementor_canvas","meta":{"footnotes":""},"class_list":["post-59551","page","type-page","status-publish","hentry"],"yoast_head":"<!-- This site is optimized with the Yoast SEO plugin v27.1.1 - https:\/\/yoast.com\/product\/yoast-seo-wordpress\/ -->\n<title>Obrigado - admiss\u00e3o tempor\u00e1ria - Tributa N\u00e3o Tributa<\/title>\n<meta name=\"robots\" content=\"index, follow, max-snippet:-1, max-image-preview:large, max-video-preview:-1\" \/>\n<link rel=\"canonical\" href=\"https:\/\/tributanaotributa.com.br\/en\/obrigado-admissao-temporaria\/\" \/>\n<meta property=\"og:locale\" content=\"en_US\" \/>\n<meta property=\"og:type\" content=\"article\" \/>\n<meta property=\"og:title\" content=\"Obrigado - admiss\u00e3o tempor\u00e1ria - Tributa N\u00e3o Tributa\" \/>\n<meta property=\"og:description\" content=\"Obrigado! Formul\u00e1rio enviado com sucesso. Clique no bot\u00e3o a seguir para fazer o download do material exclusivo TRIBUTA ou N\u00c3O TRIBUTA. Download Voltar ao in\u00edcio\" \/>\n<meta property=\"og:url\" content=\"https:\/\/tributanaotributa.com.br\/en\/obrigado-admissao-temporaria\/\" \/>\n<meta property=\"og:site_name\" content=\"Tributa N\u00e3o Tributa\" \/>\n<meta property=\"article:modified_time\" content=\"2025-10-23T18:45:15+00:00\" \/>\n<meta property=\"og:image\" content=\"https:\/\/tributanaotributa.com.br\/wp-content\/uploads\/2024\/08\/logo-TNT-2024-250c90.png\" \/>\n\t<meta property=\"og:image:width\" content=\"250\" \/>\n\t<meta property=\"og:image:height\" content=\"90\" \/>\n\t<meta property=\"og:image:type\" content=\"image\/png\" \/>\n<meta name=\"twitter:card\" content=\"summary_large_image\" \/>\n<meta name=\"twitter:label1\" content=\"Est. reading time\" \/>\n\t<meta name=\"twitter:data1\" content=\"1 minute\" \/>\n<script type=\"application\/ld+json\" class=\"yoast-schema-graph\">{\"@context\":\"https:\/\/schema.org\",\"@graph\":[{\"@type\":\"WebPage\",\"@id\":\"https:\/\/tributanaotributa.com.br\/obrigado-admissao-temporaria\/\",\"url\":\"https:\/\/tributanaotributa.com.br\/obrigado-admissao-temporaria\/\",\"name\":\"Obrigado - admiss\u00e3o tempor\u00e1ria - Tributa N\u00e3o Tributa\",\"isPartOf\":{\"@id\":\"https:\/\/tributanaotributa.com.br\/#website\"},\"primaryImageOfPage\":{\"@id\":\"https:\/\/tributanaotributa.com.br\/obrigado-admissao-temporaria\/#primaryimage\"},\"image\":{\"@id\":\"https:\/\/tributanaotributa.com.br\/obrigado-admissao-temporaria\/#primaryimage\"},\"thumbnailUrl\":\"https:\/\/tributanaotributa.com.br\/wp-content\/uploads\/2024\/08\/logo-TNT-2024-250c90.png\",\"datePublished\":\"2025-10-23T18:44:23+00:00\",\"dateModified\":\"2025-10-23T18:45:15+00:00\",\"breadcrumb\":{\"@id\":\"https:\/\/tributanaotributa.com.br\/obrigado-admissao-temporaria\/#breadcrumb\"},\"inLanguage\":\"en-US\",\"potentialAction\":[{\"@type\":\"ReadAction\",\"target\":[\"https:\/\/tributanaotributa.com.br\/obrigado-admissao-temporaria\/\"]}]},{\"@type\":\"ImageObject\",\"inLanguage\":\"en-US\",\"@id\":\"https:\/\/tributanaotributa.com.br\/obrigado-admissao-temporaria\/#primaryimage\",\"url\":\"https:\/\/tributanaotributa.com.br\/wp-content\/uploads\/2024\/08\/logo-TNT-2024-250c90.png\",\"contentUrl\":\"https:\/\/tributanaotributa.com.br\/wp-content\/uploads\/2024\/08\/logo-TNT-2024-250c90.png\"},{\"@type\":\"BreadcrumbList\",\"@id\":\"https:\/\/tributanaotributa.com.br\/obrigado-admissao-temporaria\/#breadcrumb\",\"itemListElement\":[{\"@type\":\"ListItem\",\"position\":1,\"name\":\"In\u00edcio\",\"item\":\"https:\/\/tributanaotributa.com.br\/\"},{\"@type\":\"ListItem\",\"position\":2,\"name\":\"Obrigado &#8211; admiss\u00e3o tempor\u00e1ria\"}]},{\"@type\":\"WebSite\",\"@id\":\"https:\/\/tributanaotributa.com.br\/#website\",\"url\":\"https:\/\/tributanaotributa.com.br\/\",\"name\":\"Tributa N\u00e3o Tributa\",\"description\":\"TNT \u00e9 um blog que descomplica d\u00favidas sobre o que tributa e o que n\u00e3o tributa no dia a dia empresarial.\",\"publisher\":{\"@id\":\"https:\/\/tributanaotributa.com.br\/#organization\"},\"potentialAction\":[{\"@type\":\"SearchAction\",\"target\":{\"@type\":\"EntryPoint\",\"urlTemplate\":\"https:\/\/tributanaotributa.com.br\/?s={search_term_string}\"},\"query-input\":{\"@type\":\"PropertyValueSpecification\",\"valueRequired\":true,\"valueName\":\"search_term_string\"}}],\"inLanguage\":\"en-US\"},{\"@type\":\"Organization\",\"@id\":\"https:\/\/tributanaotributa.com.br\/#organization\",\"name\":\"Tributa N\u00e3o Tributa\",\"url\":\"https:\/\/tributanaotributa.com.br\/\",\"logo\":{\"@type\":\"ImageObject\",\"inLanguage\":\"en-US\",\"@id\":\"https:\/\/tributanaotributa.com.br\/#\/schema\/logo\/image\/\",\"url\":\"https:\/\/tributanaotributa.com.br\/wp-content\/uploads\/2024\/07\/logo-TNT-2024-final.png\",\"contentUrl\":\"https:\/\/tributanaotributa.com.br\/wp-content\/uploads\/2024\/07\/logo-TNT-2024-final.png\",\"width\":500,\"height\":200,\"caption\":\"Tributa N\u00e3o Tributa\"},\"image\":{\"@id\":\"https:\/\/tributanaotributa.com.br\/#\/schema\/logo\/image\/\"}}]}<\/script>\n<!-- \/ Yoast SEO plugin. -->","yoast_head_json":{"title":"Obrigado - admiss\u00e3o tempor\u00e1ria - Tributa N\u00e3o Tributa","robots":{"index":"index","follow":"follow","max-snippet":"max-snippet:-1","max-image-preview":"max-image-preview:large","max-video-preview":"max-video-preview:-1"},"canonical":"https:\/\/tributanaotributa.com.br\/en\/obrigado-admissao-temporaria\/","og_locale":"en_US","og_type":"article","og_title":"Obrigado - admiss\u00e3o tempor\u00e1ria - Tributa N\u00e3o Tributa","og_description":"Obrigado! Formul\u00e1rio enviado com sucesso. Clique no bot\u00e3o a seguir para fazer o download do material exclusivo TRIBUTA ou N\u00c3O TRIBUTA. Download Voltar ao in\u00edcio","og_url":"https:\/\/tributanaotributa.com.br\/en\/obrigado-admissao-temporaria\/","og_site_name":"Tributa N\u00e3o Tributa","article_modified_time":"2025-10-23T18:45:15+00:00","og_image":[{"width":250,"height":90,"url":"https:\/\/tributanaotributa.com.br\/wp-content\/uploads\/2024\/08\/logo-TNT-2024-250c90.png","type":"image\/png"}],"twitter_card":"summary_large_image","twitter_misc":{"Est. reading time":"1 minute"},"schema":{"@context":"https:\/\/schema.org","@graph":[{"@type":"WebPage","@id":"https:\/\/tributanaotributa.com.br\/obrigado-admissao-temporaria\/","url":"https:\/\/tributanaotributa.com.br\/obrigado-admissao-temporaria\/","name":"Obrigado - admiss\u00e3o tempor\u00e1ria - Tributa N\u00e3o Tributa","isPartOf":{"@id":"https:\/\/tributanaotributa.com.br\/#website"},"primaryImageOfPage":{"@id":"https:\/\/tributanaotributa.com.br\/obrigado-admissao-temporaria\/#primaryimage"},"image":{"@id":"https:\/\/tributanaotributa.com.br\/obrigado-admissao-temporaria\/#primaryimage"},"thumbnailUrl":"https:\/\/tributanaotributa.com.br\/wp-content\/uploads\/2024\/08\/logo-TNT-2024-250c90.png","datePublished":"2025-10-23T18:44:23+00:00","dateModified":"2025-10-23T18:45:15+00:00","breadcrumb":{"@id":"https:\/\/tributanaotributa.com.br\/obrigado-admissao-temporaria\/#breadcrumb"},"inLanguage":"en-US","potentialAction":[{"@type":"ReadAction","target":["https:\/\/tributanaotributa.com.br\/obrigado-admissao-temporaria\/"]}]},{"@type":"ImageObject","inLanguage":"en-US","@id":"https:\/\/tributanaotributa.com.br\/obrigado-admissao-temporaria\/#primaryimage","url":"https:\/\/tributanaotributa.com.br\/wp-content\/uploads\/2024\/08\/logo-TNT-2024-250c90.png","contentUrl":"https:\/\/tributanaotributa.com.br\/wp-content\/uploads\/2024\/08\/logo-TNT-2024-250c90.png"},{"@type":"BreadcrumbList","@id":"https:\/\/tributanaotributa.com.br\/obrigado-admissao-temporaria\/#breadcrumb","itemListElement":[{"@type":"ListItem","position":1,"name":"In\u00edcio","item":"https:\/\/tributanaotributa.com.br\/"},{"@type":"ListItem","position":2,"name":"Obrigado &#8211; admiss\u00e3o tempor\u00e1ria"}]},{"@type":"WebSite","@id":"https:\/\/tributanaotributa.com.br\/#website","url":"https:\/\/tributanaotributa.com.br\/","name":"Tributa N\u00e3o Tributa","description":"TNT \u00e9 um blog que descomplica d\u00favidas sobre o que tributa e o que n\u00e3o tributa no dia a dia empresarial.","publisher":{"@id":"https:\/\/tributanaotributa.com.br\/#organization"},"potentialAction":[{"@type":"SearchAction","target":{"@type":"EntryPoint","urlTemplate":"https:\/\/tributanaotributa.com.br\/?s={search_term_string}"},"query-input":{"@type":"PropertyValueSpecification","valueRequired":true,"valueName":"search_term_string"}}],"inLanguage":"en-US"},{"@type":"Organization","@id":"https:\/\/tributanaotributa.com.br\/#organization","name":"Tributa N\u00e3o Tributa","url":"https:\/\/tributanaotributa.com.br\/","logo":{"@type":"ImageObject","inLanguage":"en-US","@id":"https:\/\/tributanaotributa.com.br\/#\/schema\/logo\/image\/","url":"https:\/\/tributanaotributa.com.br\/wp-content\/uploads\/2024\/07\/logo-TNT-2024-final.png","contentUrl":"https:\/\/tributanaotributa.com.br\/wp-content\/uploads\/2024\/07\/logo-TNT-2024-final.png","width":500,"height":200,"caption":"Tributa N\u00e3o Tributa"},"image":{"@id":"https:\/\/tributanaotributa.com.br\/#\/schema\/logo\/image\/"}}]}},"_links":{"self":[{"href":"https:\/\/tributanaotributa.com.br\/en\/wp-json\/wp\/v2\/pages\/59551","targetHints":{"allow":["GET"]}}],"collection":[{"href":"https:\/\/tributanaotributa.com.br\/en\/wp-json\/wp\/v2\/pages"}],"about":[{"href":"https:\/\/tributanaotributa.com.br\/en\/wp-json\/wp\/v2\/types\/page"}],"author":[{"embeddable":true,"href":"https:\/\/tributanaotributa.com.br\/en\/wp-json\/wp\/v2\/users\/2"}],"replies":[{"embeddable":true,"href":"https:\/\/tributanaotributa.com.br\/en\/wp-json\/wp\/v2\/comments?post=59551"}],"version-history":[{"count":7,"href":"https:\/\/tributanaotributa.com.br\/en\/wp-json\/wp\/v2\/pages\/59551\/revisions"}],"predecessor-version":[{"id":59558,"href":"https:\/\/tributanaotributa.com.br\/en\/wp-json\/wp\/v2\/pages\/59551\/revisions\/59558"}],"wp:attachment":[{"href":"https:\/\/tributanaotributa.com.br\/en\/wp-json\/wp\/v2\/media?parent=59551"}],"curies":[{"name":"wp","href":"https:\/\/api.w.org\/{rel}","templated":true}]}}