{"id":59365,"date":"2025-09-01T15:11:04","date_gmt":"2025-09-01T18:11:04","guid":{"rendered":"https:\/\/tributanaotributa.com.br\/?page_id=59365"},"modified":"2025-10-07T09:59:33","modified_gmt":"2025-10-07T12:59:33","slug":"posts-e-publicacoes-em-ingles","status":"publish","type":"page","link":"https:\/\/tributanaotributa.com.br\/en\/posts-e-publicacoes-em-ingles\/","title":{"rendered":"Posts e publica\u00e7\u00f5es em ingl\u00eas"},"content":{"rendered":"<div data-elementor-type=\"wp-page\" data-elementor-id=\"59365\" class=\"elementor elementor-59365\" data-elementor-post-type=\"page\">\n\t\t\t\t<div data-particle_enable=\"false\" data-particle-mobile-disabled=\"false\" class=\"elementor-element elementor-element-b66f913 e-flex e-con-boxed e-con e-parent\" data-id=\"b66f913\" data-element_type=\"container\" data-settings=\"{&quot;background_background&quot;:&quot;classic&quot;}\">\n\t\t\t\t\t<div class=\"e-con-inner\">\n\t\t<div data-particle_enable=\"false\" data-particle-mobile-disabled=\"false\" class=\"elementor-element elementor-element-4a32a78 e-con-full e-flex e-con e-child\" data-id=\"4a32a78\" data-element_type=\"container\">\n\t\t<div data-particle_enable=\"false\" data-particle-mobile-disabled=\"false\" class=\"elementor-element elementor-element-bb1f1dd e-con-full e-flex e-con e-child\" data-id=\"bb1f1dd\" data-element_type=\"container\">\n\t\t\t\t<div class=\"elementor-element elementor-element-cc0ab06 elementor-widget__width-initial elementor-widget elementor-widget-heading\" data-id=\"cc0ab06\" data-element_type=\"widget\" data-widget_type=\"heading.default\">\n\t\t\t\t<div class=\"elementor-widget-container\">\n\t\t\t\t\t<h1 class=\"elementor-heading-title elementor-size-default\">TNT Posts<\/h1>\t\t\t\t<\/div>\n\t\t\t\t<\/div>\n\t\t\t\t<div class=\"elementor-element elementor-element-bd0a4da elementor-widget__width-initial elementor-widget elementor-widget-eael-creative-button\" data-id=\"bd0a4da\" data-element_type=\"widget\" data-widget_type=\"eael-creative-button.default\">\n\t\t\t\t<div class=\"elementor-widget-container\">\n\t\t\t\t\t        <div class=\"eael-creative-button-wrapper\">\n\n            <a class=\"eael-creative-button eael-creative-button--ujarak\" href=\"https:\/\/tributanaotributa.com.br\/en\/posts\/\" data-text=\"PT\">\n            \t    \n                <div class=\"creative-button-inner\">\n\n                                            <span class=\"eael-creative-button-icon-left\"><svg aria-hidden=\"true\" class=\"e-font-icon-svg e-fas-globe\" viewbox=\"0 0 496 512\" xmlns=\"http:\/\/www.w3.org\/2000\/svg\"><path d=\"M336.5 160C322 70.7 287.8 8 248 8s-74 62.7-88.5 152h177zM152 256c0 22.2 1.2 43.5 3.3 64h185.3c2.1-20.5 3.3-41.8 3.3-64s-1.2-43.5-3.3-64H155.3c-2.1 20.5-3.3 41.8-3.3 64zm324.7-96c-28.6-67.9-86.5-120.4-158-141.6 24.4 33.8 41.2 84.7 50 141.6h108zM177.2 18.4C105.8 39.6 47.8 92.1 19.3 160h108c8.7-56.9 25.5-107.8 49.9-141.6zM487.4 192H372.7c2.1 21 3.3 42.5 3.3 64s-1.2 43-3.3 64h114.6c5.5-20.5 8.6-41.8 8.6-64s-3.1-43.5-8.5-64zM120 256c0-21.5 1.2-43 3.3-64H8.6C3.2 212.5 0 233.8 0 256s3.2 43.5 8.6 64h114.6c-2-21-3.2-42.5-3.2-64zm39.5 96c14.5 89.3 48.7 152 88.5 152s74-62.7 88.5-152h-177zm159.3 141.6c71.4-21.2 129.4-73.7 158-141.6h-108c-8.8 56.9-25.6 107.8-50 141.6zM19.3 352c28.6 67.9 86.5 120.4 158 141.6-24.4-33.8-41.2-84.7-50-141.6h-108z\"><\/path><\/svg><\/span>                    \n                    <span class=\"cretive-button-text\">   PORTUGU\u00caS<\/span>\n\n                                    <\/div>\n\t                        <\/a>\n        <\/div>\n        \t\t\t\t<\/div>\n\t\t\t\t<\/div>\n\t\t\t\t<\/div>\n\t\t\t\t<\/div>\n\t\t<div data-particle_enable=\"false\" data-particle-mobile-disabled=\"false\" class=\"elementor-element elementor-element-a9c6d65 e-con-full e-flex e-con e-child\" data-id=\"a9c6d65\" data-element_type=\"container\" data-settings=\"{&quot;background_background&quot;:&quot;classic&quot;}\">\n\t\t\t\t<div class=\"elementor-element elementor-element-22d6888 elementor-grid-eael-col-3 elementor-grid-tablet-eael-col-2 elementor-grid-mobile-eael-col-1 elementor-widget elementor-widget-eael-post-grid\" data-id=\"22d6888\" data-element_type=\"widget\" data-settings=\"{&quot;eael_post_grid_columns&quot;:&quot;eael-col-3&quot;,&quot;eael_post_grid_columns_tablet&quot;:&quot;eael-col-2&quot;,&quot;eael_post_grid_columns_mobile&quot;:&quot;eael-col-1&quot;}\" data-widget_type=\"eael-post-grid.default\">\n\t\t\t\t<div class=\"elementor-widget-container\">\n\t\t\t\t\t<div id=\"eael-post-grid-22d6888\" class=\"eael-post-grid-container\">\n            <div class=\"eael-post-grid eael-post-appender eael-post-appender-22d6888 eael-post-grid-style-three\" data-layout-mode=\"grid\"><article class=\"eael-grid-post eael-post-grid-column\" data-id=\"59463\">\n        <div class=\"eael-grid-post-holder\">\n            <div class=\"eael-grid-post-holder-inner\"><div class=\"eael-entry-media\"><div class=\"eael-entry-overlay fade-in\"><i class=\"fas fa-search\" aria-hidden=\"true\"><\/i><a href=\"https:\/\/tributanaotributa.com.br\/en\/taxation-of-royalties\/\"><\/a><\/div><div class=\"eael-entry-thumbnail\">\n                 <img fetchpriority=\"high\" decoding=\"async\" width=\"768\" height=\"1086\" src=\"https:\/\/tributanaotributa.com.br\/wp-content\/uploads\/2025\/09\/mc_royalties-ENG_compressed-pdf-1-768x1086.jpg\" class=\"attachment-medium_large size-medium_large wp-image-59457\" alt=\"Taxation of Royalties img\" srcset=\"https:\/\/tributanaotributa.com.br\/wp-content\/uploads\/2025\/09\/mc_royalties-ENG_compressed-pdf-1-768x1086.jpg 768w, https:\/\/tributanaotributa.com.br\/wp-content\/uploads\/2025\/09\/mc_royalties-ENG_compressed-pdf-1-212x300.jpg 212w, https:\/\/tributanaotributa.com.br\/wp-content\/uploads\/2025\/09\/mc_royalties-ENG_compressed-pdf-1-724x1024.jpg 724w, https:\/\/tributanaotributa.com.br\/wp-content\/uploads\/2025\/09\/mc_royalties-ENG_compressed-pdf-1-1087x1536.jpg 1087w, https:\/\/tributanaotributa.com.br\/wp-content\/uploads\/2025\/09\/mc_royalties-ENG_compressed-pdf-1-1449x2048.jpg 1449w, https:\/\/tributanaotributa.com.br\/wp-content\/uploads\/2025\/09\/mc_royalties-ENG_compressed-pdf-1-1320x1866.jpg 1320w, https:\/\/tributanaotributa.com.br\/wp-content\/uploads\/2025\/09\/mc_royalties-ENG_compressed-pdf-1-scaled.jpg 1811w\" sizes=\"(max-width: 768px) 100vw, 768px\" \/>\n             <\/div>\n        <\/div><div class=\"eael-entry-wrapper\"><header class=\"eael-entry-header\"><h2 class=\"eael-entry-title\"><a class=\"eael-grid-post-link\" href=\"https:\/\/tributanaotributa.com.br\/en\/taxation-of-royalties\/\" title=\"taxation of royalties\">taxation of royalties<\/a><\/h2><\/header><div class=\"eael-entry-meta\"><span class=\"eael-posted-by\"><a href=\"https:\/\/tributanaotributa.com.br\/en\/author\/sperling-advogados\/\" title=\"Posts by F\u00e1bio Piovesan Bozza\" rel=\"author\">F\u00e1bio Piovesan Bozza<\/a><\/span><span class=\"eael-posted-on\"><time datetime=\"26\/09\/2025\">26\/09\/2025<\/time><\/span><\/div><\/div><\/div>\n        <\/div>\n    <\/article><article class=\"eael-grid-post eael-post-grid-column\" data-id=\"59460\">\n        <div class=\"eael-grid-post-holder\">\n            <div class=\"eael-grid-post-holder-inner\"><div class=\"eael-entry-media\"><div class=\"eael-entry-overlay fade-in\"><i class=\"fas fa-search\" aria-hidden=\"true\"><\/i><a href=\"https:\/\/tributanaotributa.com.br\/en\/tax-reform-transition\/\"><\/a><\/div><div class=\"eael-entry-thumbnail\">\n                 <img decoding=\"async\" width=\"768\" height=\"1086\" data-src=\"https:\/\/tributanaotributa.com.br\/wp-content\/uploads\/2025\/09\/mc_tax-reform-transiction_compressed-pdf-2-768x1086.jpg\" class=\"attachment-medium_large size-medium_large wp-image-59459 lazyload\" alt=\"mc tax reform transiction compressed-pdf-2-scaled.jpg\" data-srcset=\"https:\/\/tributanaotributa.com.br\/wp-content\/uploads\/2025\/09\/mc_tax-reform-transiction_compressed-pdf-2-768x1086.jpg 768w, https:\/\/tributanaotributa.com.br\/wp-content\/uploads\/2025\/09\/mc_tax-reform-transiction_compressed-pdf-2-212x300.jpg 212w, https:\/\/tributanaotributa.com.br\/wp-content\/uploads\/2025\/09\/mc_tax-reform-transiction_compressed-pdf-2-724x1024.jpg 724w, https:\/\/tributanaotributa.com.br\/wp-content\/uploads\/2025\/09\/mc_tax-reform-transiction_compressed-pdf-2-1087x1536.jpg 1087w, https:\/\/tributanaotributa.com.br\/wp-content\/uploads\/2025\/09\/mc_tax-reform-transiction_compressed-pdf-2-1449x2048.jpg 1449w, https:\/\/tributanaotributa.com.br\/wp-content\/uploads\/2025\/09\/mc_tax-reform-transiction_compressed-pdf-2-1320x1866.jpg 1320w, https:\/\/tributanaotributa.com.br\/wp-content\/uploads\/2025\/09\/mc_tax-reform-transiction_compressed-pdf-2-scaled.jpg 1811w\" data-sizes=\"(max-width: 768px) 100vw, 768px\" src=\"data:image\/svg+xml;base64,PHN2ZyB3aWR0aD0iMSIgaGVpZ2h0PSIxIiB4bWxucz0iaHR0cDovL3d3dy53My5vcmcvMjAwMC9zdmciPjwvc3ZnPg==\" style=\"--smush-placeholder-width: 768px; --smush-placeholder-aspect-ratio: 768\/1086;\" \/>\n             <\/div>\n        <\/div><div class=\"eael-entry-wrapper\"><header class=\"eael-entry-header\"><h2 class=\"eael-entry-title\"><a class=\"eael-grid-post-link\" href=\"https:\/\/tributanaotributa.com.br\/en\/tax-reform-transition\/\" title=\"tax reform transition\">tax reform transition<\/a><\/h2><\/header><div class=\"eael-entry-meta\"><span class=\"eael-posted-by\"><a href=\"https:\/\/tributanaotributa.com.br\/en\/author\/sperling-advogados\/\" title=\"Posts by F\u00e1bio Piovesan Bozza\" rel=\"author\">F\u00e1bio Piovesan Bozza<\/a><\/span><span class=\"eael-posted-on\"><time datetime=\"26\/09\/2025\">26\/09\/2025<\/time><\/span><\/div><\/div><\/div>\n        <\/div>\n    <\/article><\/div>\n            <div class=\"clearfix\"><\/div>\n        <\/div>\t\t\t\t<\/div>\n\t\t\t\t<\/div>\n\t\t\t\t<\/div>\n\t\t\t\t\t<\/div>\n\t\t\t\t<\/div>\n\t\t\t\t<\/div>","protected":false},"excerpt":{"rendered":"<p>TNT Posts PORTUGU\u00caS Taxation of Royalties F\u00e1bio Piovesan Bozza26\/09\/2025 Tax reform transition F\u00e1bio Piovesan Bozza26\/09\/2025<\/p>","protected":false},"author":2,"featured_media":58929,"parent":0,"menu_order":0,"comment_status":"closed","ping_status":"closed","template":"","meta":{"footnotes":""},"class_list":["post-59365","page","type-page","status-publish","has-post-thumbnail","hentry","category-376","description-off"],"yoast_head":"<!-- This site is optimized with the Yoast SEO plugin v27.1.1 - https:\/\/yoast.com\/product\/yoast-seo-wordpress\/ -->\n<title>Posts e publica\u00e7\u00f5es em ingl\u00eas - Tributa N\u00e3o Tributa<\/title>\n<meta name=\"description\" content=\"Acompanhe Posts e publica\u00e7\u00f5es em ingl\u00eas sobre tributa\u00e7\u00e3o, atualiza\u00e7\u00f5es fiscais, economia e curiosidades do mundo jur\u00eddico.\" \/>\n<meta name=\"robots\" content=\"index, follow, max-snippet:-1, max-image-preview:large, max-video-preview:-1\" \/>\n<link rel=\"canonical\" href=\"https:\/\/tributanaotributa.com.br\/en\/posts-e-publicacoes-em-ingles\/\" \/>\n<meta property=\"og:locale\" content=\"en_US\" \/>\n<meta property=\"og:type\" content=\"article\" \/>\n<meta property=\"og:title\" content=\"Posts e publica\u00e7\u00f5es em ingl\u00eas - Tributa N\u00e3o Tributa\" \/>\n<meta property=\"og:description\" content=\"Acompanhe Posts e publica\u00e7\u00f5es em ingl\u00eas sobre tributa\u00e7\u00e3o, atualiza\u00e7\u00f5es fiscais, economia e curiosidades do mundo jur\u00eddico.\" \/>\n<meta property=\"og:url\" content=\"https:\/\/tributanaotributa.com.br\/en\/posts-e-publicacoes-em-ingles\/\" \/>\n<meta property=\"og:site_name\" content=\"Tributa N\u00e3o Tributa\" \/>\n<meta property=\"article:modified_time\" content=\"2025-10-07T12:59:33+00:00\" \/>\n<meta property=\"og:image\" content=\"https:\/\/tributanaotributa.com.br\/wp-content\/uploads\/2025\/06\/premium_photo-1677567996070-68fa4181775a-scaled.webp\" \/>\n\t<meta property=\"og:image:width\" content=\"2560\" \/>\n\t<meta property=\"og:image:height\" content=\"1703\" \/>\n\t<meta property=\"og:image:type\" content=\"image\/webp\" \/>\n<meta name=\"twitter:card\" content=\"summary_large_image\" \/>\n<meta name=\"twitter:label1\" content=\"Est. reading time\" \/>\n\t<meta name=\"twitter:data1\" content=\"1 minute\" \/>\n<script type=\"application\/ld+json\" class=\"yoast-schema-graph\">{\"@context\":\"https:\/\/schema.org\",\"@graph\":[{\"@type\":\"WebPage\",\"@id\":\"https:\/\/tributanaotributa.com.br\/posts-e-publicacoes-em-ingles\/\",\"url\":\"https:\/\/tributanaotributa.com.br\/posts-e-publicacoes-em-ingles\/\",\"name\":\"Posts e publica\u00e7\u00f5es em ingl\u00eas - Tributa N\u00e3o Tributa\",\"isPartOf\":{\"@id\":\"https:\/\/tributanaotributa.com.br\/#website\"},\"primaryImageOfPage\":{\"@id\":\"https:\/\/tributanaotributa.com.br\/posts-e-publicacoes-em-ingles\/#primaryimage\"},\"image\":{\"@id\":\"https:\/\/tributanaotributa.com.br\/posts-e-publicacoes-em-ingles\/#primaryimage\"},\"thumbnailUrl\":\"https:\/\/tributanaotributa.com.br\/wp-content\/uploads\/2025\/06\/premium_photo-1677567996070-68fa4181775a-scaled.webp\",\"datePublished\":\"2025-09-01T18:11:04+00:00\",\"dateModified\":\"2025-10-07T12:59:33+00:00\",\"description\":\"Acompanhe Posts e publica\u00e7\u00f5es em ingl\u00eas sobre tributa\u00e7\u00e3o, atualiza\u00e7\u00f5es fiscais, economia e curiosidades do mundo jur\u00eddico.\",\"breadcrumb\":{\"@id\":\"https:\/\/tributanaotributa.com.br\/posts-e-publicacoes-em-ingles\/#breadcrumb\"},\"inLanguage\":\"en-US\",\"potentialAction\":[{\"@type\":\"ReadAction\",\"target\":[\"https:\/\/tributanaotributa.com.br\/posts-e-publicacoes-em-ingles\/\"]}]},{\"@type\":\"ImageObject\",\"inLanguage\":\"en-US\",\"@id\":\"https:\/\/tributanaotributa.com.br\/posts-e-publicacoes-em-ingles\/#primaryimage\",\"url\":\"https:\/\/tributanaotributa.com.br\/wp-content\/uploads\/2025\/06\/premium_photo-1677567996070-68fa4181775a-scaled.webp\",\"contentUrl\":\"https:\/\/tributanaotributa.com.br\/wp-content\/uploads\/2025\/06\/premium_photo-1677567996070-68fa4181775a-scaled.webp\",\"width\":2560,\"height\":1703,\"caption\":\"tnt posts e publica\u00e7\u00f5es img\"},{\"@type\":\"BreadcrumbList\",\"@id\":\"https:\/\/tributanaotributa.com.br\/posts-e-publicacoes-em-ingles\/#breadcrumb\",\"itemListElement\":[{\"@type\":\"ListItem\",\"position\":1,\"name\":\"In\u00edcio\",\"item\":\"https:\/\/tributanaotributa.com.br\/\"},{\"@type\":\"ListItem\",\"position\":2,\"name\":\"Posts e publica\u00e7\u00f5es em ingl\u00eas\"}]},{\"@type\":\"WebSite\",\"@id\":\"https:\/\/tributanaotributa.com.br\/#website\",\"url\":\"https:\/\/tributanaotributa.com.br\/\",\"name\":\"Tributa N\u00e3o Tributa\",\"description\":\"TNT \u00e9 um blog que descomplica d\u00favidas sobre o que tributa e o que n\u00e3o tributa no dia a dia empresarial.\",\"publisher\":{\"@id\":\"https:\/\/tributanaotributa.com.br\/#organization\"},\"potentialAction\":[{\"@type\":\"SearchAction\",\"target\":{\"@type\":\"EntryPoint\",\"urlTemplate\":\"https:\/\/tributanaotributa.com.br\/?s={search_term_string}\"},\"query-input\":{\"@type\":\"PropertyValueSpecification\",\"valueRequired\":true,\"valueName\":\"search_term_string\"}}],\"inLanguage\":\"en-US\"},{\"@type\":\"Organization\",\"@id\":\"https:\/\/tributanaotributa.com.br\/#organization\",\"name\":\"Tributa N\u00e3o Tributa\",\"url\":\"https:\/\/tributanaotributa.com.br\/\",\"logo\":{\"@type\":\"ImageObject\",\"inLanguage\":\"en-US\",\"@id\":\"https:\/\/tributanaotributa.com.br\/#\/schema\/logo\/image\/\",\"url\":\"https:\/\/tributanaotributa.com.br\/wp-content\/uploads\/2024\/07\/logo-TNT-2024-final.png\",\"contentUrl\":\"https:\/\/tributanaotributa.com.br\/wp-content\/uploads\/2024\/07\/logo-TNT-2024-final.png\",\"width\":500,\"height\":200,\"caption\":\"Tributa N\u00e3o Tributa\"},\"image\":{\"@id\":\"https:\/\/tributanaotributa.com.br\/#\/schema\/logo\/image\/\"}}]}<\/script>\n<!-- \/ Yoast SEO plugin. -->","yoast_head_json":{"title":"Posts e publica\u00e7\u00f5es em ingl\u00eas - Tributa N\u00e3o Tributa","description":"Acompanhe Posts e publica\u00e7\u00f5es em ingl\u00eas sobre tributa\u00e7\u00e3o, atualiza\u00e7\u00f5es fiscais, economia e curiosidades do mundo jur\u00eddico.","robots":{"index":"index","follow":"follow","max-snippet":"max-snippet:-1","max-image-preview":"max-image-preview:large","max-video-preview":"max-video-preview:-1"},"canonical":"https:\/\/tributanaotributa.com.br\/en\/posts-e-publicacoes-em-ingles\/","og_locale":"en_US","og_type":"article","og_title":"Posts e publica\u00e7\u00f5es em ingl\u00eas - Tributa N\u00e3o Tributa","og_description":"Acompanhe Posts e publica\u00e7\u00f5es em ingl\u00eas sobre tributa\u00e7\u00e3o, atualiza\u00e7\u00f5es fiscais, economia e curiosidades do mundo jur\u00eddico.","og_url":"https:\/\/tributanaotributa.com.br\/en\/posts-e-publicacoes-em-ingles\/","og_site_name":"Tributa N\u00e3o Tributa","article_modified_time":"2025-10-07T12:59:33+00:00","og_image":[{"width":2560,"height":1703,"url":"https:\/\/tributanaotributa.com.br\/wp-content\/uploads\/2025\/06\/premium_photo-1677567996070-68fa4181775a-scaled.webp","type":"image\/webp"}],"twitter_card":"summary_large_image","twitter_misc":{"Est. reading time":"1 minute"},"schema":{"@context":"https:\/\/schema.org","@graph":[{"@type":"WebPage","@id":"https:\/\/tributanaotributa.com.br\/posts-e-publicacoes-em-ingles\/","url":"https:\/\/tributanaotributa.com.br\/posts-e-publicacoes-em-ingles\/","name":"Posts e publica\u00e7\u00f5es em ingl\u00eas - Tributa N\u00e3o Tributa","isPartOf":{"@id":"https:\/\/tributanaotributa.com.br\/#website"},"primaryImageOfPage":{"@id":"https:\/\/tributanaotributa.com.br\/posts-e-publicacoes-em-ingles\/#primaryimage"},"image":{"@id":"https:\/\/tributanaotributa.com.br\/posts-e-publicacoes-em-ingles\/#primaryimage"},"thumbnailUrl":"https:\/\/tributanaotributa.com.br\/wp-content\/uploads\/2025\/06\/premium_photo-1677567996070-68fa4181775a-scaled.webp","datePublished":"2025-09-01T18:11:04+00:00","dateModified":"2025-10-07T12:59:33+00:00","description":"Acompanhe Posts e publica\u00e7\u00f5es em ingl\u00eas sobre tributa\u00e7\u00e3o, atualiza\u00e7\u00f5es fiscais, economia e curiosidades do mundo jur\u00eddico.","breadcrumb":{"@id":"https:\/\/tributanaotributa.com.br\/posts-e-publicacoes-em-ingles\/#breadcrumb"},"inLanguage":"en-US","potentialAction":[{"@type":"ReadAction","target":["https:\/\/tributanaotributa.com.br\/posts-e-publicacoes-em-ingles\/"]}]},{"@type":"ImageObject","inLanguage":"en-US","@id":"https:\/\/tributanaotributa.com.br\/posts-e-publicacoes-em-ingles\/#primaryimage","url":"https:\/\/tributanaotributa.com.br\/wp-content\/uploads\/2025\/06\/premium_photo-1677567996070-68fa4181775a-scaled.webp","contentUrl":"https:\/\/tributanaotributa.com.br\/wp-content\/uploads\/2025\/06\/premium_photo-1677567996070-68fa4181775a-scaled.webp","width":2560,"height":1703,"caption":"tnt posts e publica\u00e7\u00f5es img"},{"@type":"BreadcrumbList","@id":"https:\/\/tributanaotributa.com.br\/posts-e-publicacoes-em-ingles\/#breadcrumb","itemListElement":[{"@type":"ListItem","position":1,"name":"In\u00edcio","item":"https:\/\/tributanaotributa.com.br\/"},{"@type":"ListItem","position":2,"name":"Posts e publica\u00e7\u00f5es em ingl\u00eas"}]},{"@type":"WebSite","@id":"https:\/\/tributanaotributa.com.br\/#website","url":"https:\/\/tributanaotributa.com.br\/","name":"Tributa N\u00e3o Tributa","description":"TNT \u00e9 um blog que descomplica d\u00favidas sobre o que tributa e o que n\u00e3o tributa no dia a dia empresarial.","publisher":{"@id":"https:\/\/tributanaotributa.com.br\/#organization"},"potentialAction":[{"@type":"SearchAction","target":{"@type":"EntryPoint","urlTemplate":"https:\/\/tributanaotributa.com.br\/?s={search_term_string}"},"query-input":{"@type":"PropertyValueSpecification","valueRequired":true,"valueName":"search_term_string"}}],"inLanguage":"en-US"},{"@type":"Organization","@id":"https:\/\/tributanaotributa.com.br\/#organization","name":"Tributa N\u00e3o Tributa","url":"https:\/\/tributanaotributa.com.br\/","logo":{"@type":"ImageObject","inLanguage":"en-US","@id":"https:\/\/tributanaotributa.com.br\/#\/schema\/logo\/image\/","url":"https:\/\/tributanaotributa.com.br\/wp-content\/uploads\/2024\/07\/logo-TNT-2024-final.png","contentUrl":"https:\/\/tributanaotributa.com.br\/wp-content\/uploads\/2024\/07\/logo-TNT-2024-final.png","width":500,"height":200,"caption":"Tributa N\u00e3o Tributa"},"image":{"@id":"https:\/\/tributanaotributa.com.br\/#\/schema\/logo\/image\/"}}]}},"_links":{"self":[{"href":"https:\/\/tributanaotributa.com.br\/en\/wp-json\/wp\/v2\/pages\/59365","targetHints":{"allow":["GET"]}}],"collection":[{"href":"https:\/\/tributanaotributa.com.br\/en\/wp-json\/wp\/v2\/pages"}],"about":[{"href":"https:\/\/tributanaotributa.com.br\/en\/wp-json\/wp\/v2\/types\/page"}],"author":[{"embeddable":true,"href":"https:\/\/tributanaotributa.com.br\/en\/wp-json\/wp\/v2\/users\/2"}],"replies":[{"embeddable":true,"href":"https:\/\/tributanaotributa.com.br\/en\/wp-json\/wp\/v2\/comments?post=59365"}],"version-history":[{"count":7,"href":"https:\/\/tributanaotributa.com.br\/en\/wp-json\/wp\/v2\/pages\/59365\/revisions"}],"predecessor-version":[{"id":59506,"href":"https:\/\/tributanaotributa.com.br\/en\/wp-json\/wp\/v2\/pages\/59365\/revisions\/59506"}],"wp:featuredmedia":[{"embeddable":true,"href":"https:\/\/tributanaotributa.com.br\/en\/wp-json\/wp\/v2\/media\/58929"}],"wp:attachment":[{"href":"https:\/\/tributanaotributa.com.br\/en\/wp-json\/wp\/v2\/media?parent=59365"}],"curies":[{"name":"wp","href":"https:\/\/api.w.org\/{rel}","templated":true}]}}