{"id":59207,"date":"2025-08-03T12:05:52","date_gmt":"2025-08-03T15:05:52","guid":{"rendered":"https:\/\/tributanaotributa.com.br\/?page_id=59207"},"modified":"2025-08-27T20:18:05","modified_gmt":"2025-08-27T23:18:05","slug":"tnt-agronegocio","status":"publish","type":"page","link":"https:\/\/tributanaotributa.com.br\/en\/tnt-agronegocio\/","title":{"rendered":"TNT Agro"},"content":{"rendered":"<div data-elementor-type=\"wp-page\" data-elementor-id=\"59207\" class=\"elementor elementor-59207\" data-elementor-post-type=\"page\">\n\t\t\t\t<div data-particle_enable=\"false\" data-particle-mobile-disabled=\"false\" class=\"elementor-element elementor-element-b66f913 e-flex e-con-boxed e-con e-parent\" data-id=\"b66f913\" data-element_type=\"container\" data-settings=\"{&quot;background_background&quot;:&quot;classic&quot;}\">\n\t\t\t\t\t<div class=\"e-con-inner\">\n\t\t<div data-particle_enable=\"false\" data-particle-mobile-disabled=\"false\" class=\"elementor-element elementor-element-4a32a78 e-con-full e-flex e-con e-child\" data-id=\"4a32a78\" data-element_type=\"container\">\n\t\t\t\t<div class=\"elementor-element elementor-element-cc0ab06 elementor-widget elementor-widget-heading\" data-id=\"cc0ab06\" data-element_type=\"widget\" data-widget_type=\"heading.default\">\n\t\t\t\t<div class=\"elementor-widget-container\">\n\t\t\t\t\t<h1 class=\"elementor-heading-title elementor-size-default\">TNT Agro<\/h1>\t\t\t\t<\/div>\n\t\t\t\t<\/div>\n\t\t\t\t<\/div>\n\t\t<div data-particle_enable=\"false\" data-particle-mobile-disabled=\"false\" class=\"elementor-element elementor-element-a9c6d65 e-con-full e-flex e-con e-child\" data-id=\"a9c6d65\" data-element_type=\"container\" data-settings=\"{&quot;background_background&quot;:&quot;classic&quot;}\">\n\t\t\t\t<div class=\"elementor-element elementor-element-22d6888 elementor-grid-eael-col-3 elementor-grid-tablet-eael-col-2 elementor-grid-mobile-eael-col-1 elementor-widget elementor-widget-eael-post-grid\" data-id=\"22d6888\" data-element_type=\"widget\" data-settings=\"{&quot;eael_post_grid_columns&quot;:&quot;eael-col-3&quot;,&quot;eael_post_grid_columns_tablet&quot;:&quot;eael-col-2&quot;,&quot;eael_post_grid_columns_mobile&quot;:&quot;eael-col-1&quot;}\" data-widget_type=\"eael-post-grid.default\">\n\t\t\t\t<div class=\"elementor-widget-container\">\n\t\t\t\t\t<div id=\"eael-post-grid-22d6888\" class=\"eael-post-grid-container\">\n            <div class=\"eael-post-grid eael-post-appender eael-post-appender-22d6888 eael-post-grid-style-three\" data-layout-mode=\"grid\"><article class=\"eael-grid-post eael-post-grid-column\" data-id=\"59446\">\n        <div class=\"eael-grid-post-holder\">\n            <div class=\"eael-grid-post-holder-inner\"><div class=\"eael-entry-media\"><div class=\"eael-entry-overlay fade-in\"><i class=\"fas fa-search\" aria-hidden=\"true\"><\/i><a href=\"https:\/\/tributanaotributa.com.br\/en\/imposto-de-renda-do-produtor-rural-pf\/\"><\/a><\/div><div class=\"eael-entry-thumbnail\">\n                 <img fetchpriority=\"high\" decoding=\"async\" width=\"768\" height=\"401\" src=\"https:\/\/tributanaotributa.com.br\/wp-content\/uploads\/2025\/09\/9-768x401.png\" class=\"attachment-medium_large size-medium_large wp-image-59445\" alt=\"\" srcset=\"https:\/\/tributanaotributa.com.br\/wp-content\/uploads\/2025\/09\/9-768x401.png 768w, https:\/\/tributanaotributa.com.br\/wp-content\/uploads\/2025\/09\/9-300x157.png 300w, https:\/\/tributanaotributa.com.br\/wp-content\/uploads\/2025\/09\/9.png 900w\" sizes=\"(max-width: 768px) 100vw, 768px\" \/>\n             <\/div>\n        <\/div><div class=\"eael-entry-wrapper\"><header class=\"eael-entry-header\"><h2 class=\"eael-entry-title\"><a class=\"eael-grid-post-link\" href=\"https:\/\/tributanaotributa.com.br\/en\/imposto-de-renda-do-produtor-rural-pf\/\" title=\"Imposto de renda do produtor rural PF\">Imposto de renda do produtor rural PF<\/a><\/h2><\/header><div class=\"eael-entry-meta\"><span class=\"eael-posted-by\"><a href=\"https:\/\/tributanaotributa.com.br\/en\/author\/sperling-advogados\/\" title=\"Posts by F\u00e1bio Piovesan Bozza\" rel=\"author\">F\u00e1bio Piovesan Bozza<\/a><\/span><span class=\"eael-posted-on\"><time datetime=\"18\/09\/2025\">18\/09\/2025<\/time><\/span><\/div><\/div><\/div>\n        <\/div>\n    <\/article><article class=\"eael-grid-post eael-post-grid-column\" data-id=\"59388\">\n        <div class=\"eael-grid-post-holder\">\n            <div class=\"eael-grid-post-holder-inner\"><div class=\"eael-entry-media\"><div class=\"eael-entry-overlay fade-in\"><i class=\"fas fa-search\" aria-hidden=\"true\"><\/i><a href=\"https:\/\/tributanaotributa.com.br\/en\/planejamento-tributario-para-produtor-rural\/\"><\/a><\/div><div class=\"eael-entry-thumbnail\">\n                 <img decoding=\"async\" width=\"768\" height=\"401\" data-src=\"https:\/\/tributanaotributa.com.br\/wp-content\/uploads\/2025\/09\/imagens-tnt-1200-x-627-px-768x401.png\" class=\"attachment-medium_large size-medium_large wp-image-59387 lazyload\" alt=\"Planejamento tribut\u00e1rio geral para produtor rural PF img\" data-srcset=\"https:\/\/tributanaotributa.com.br\/wp-content\/uploads\/2025\/09\/imagens-tnt-1200-x-627-px-768x401.png 768w, https:\/\/tributanaotributa.com.br\/wp-content\/uploads\/2025\/09\/imagens-tnt-1200-x-627-px-300x157.png 300w, https:\/\/tributanaotributa.com.br\/wp-content\/uploads\/2025\/09\/imagens-tnt-1200-x-627-px-1024x535.png 1024w, https:\/\/tributanaotributa.com.br\/wp-content\/uploads\/2025\/09\/imagens-tnt-1200-x-627-px.png 1200w\" data-sizes=\"(max-width: 768px) 100vw, 768px\" src=\"data:image\/svg+xml;base64,PHN2ZyB3aWR0aD0iMSIgaGVpZ2h0PSIxIiB4bWxucz0iaHR0cDovL3d3dy53My5vcmcvMjAwMC9zdmciPjwvc3ZnPg==\" style=\"--smush-placeholder-width: 768px; --smush-placeholder-aspect-ratio: 768\/401;\" \/>\n             <\/div>\n        <\/div><div class=\"eael-entry-wrapper\"><header class=\"eael-entry-header\"><h2 class=\"eael-entry-title\"><a class=\"eael-grid-post-link\" href=\"https:\/\/tributanaotributa.com.br\/en\/planejamento-tributario-para-produtor-rural\/\" title=\"Planejamento tribut\u00e1rio geral para produtor rural PF\">Planejamento tribut\u00e1rio geral para produtor rural PF<\/a><\/h2><\/header><div class=\"eael-entry-meta\"><span class=\"eael-posted-by\"><a href=\"https:\/\/tributanaotributa.com.br\/en\/author\/sperling-advogados\/\" title=\"Posts by F\u00e1bio Piovesan Bozza\" rel=\"author\">F\u00e1bio Piovesan Bozza<\/a><\/span><span class=\"eael-posted-on\"><time datetime=\"05\/09\/2025\">05\/09\/2025<\/time><\/span><\/div><\/div><\/div>\n        <\/div>\n    <\/article><article class=\"eael-grid-post eael-post-grid-column\" data-id=\"59242\">\n        <div class=\"eael-grid-post-holder\">\n            <div class=\"eael-grid-post-holder-inner\"><div class=\"eael-entry-media\"><div class=\"eael-entry-overlay fade-in\"><i class=\"fas fa-search\" aria-hidden=\"true\"><\/i><a href=\"https:\/\/tributanaotributa.com.br\/en\/produtor-rural\/\"><\/a><\/div><div class=\"eael-entry-thumbnail\">\n                 <img decoding=\"async\" width=\"768\" height=\"401\" data-src=\"https:\/\/tributanaotributa.com.br\/wp-content\/uploads\/2025\/08\/tnt-post-768x401.png\" class=\"attachment-medium_large size-medium_large wp-image-59216 lazyload\" alt=\"produtor rural img\" data-srcset=\"https:\/\/tributanaotributa.com.br\/wp-content\/uploads\/2025\/08\/tnt-post-768x401.png 768w, https:\/\/tributanaotributa.com.br\/wp-content\/uploads\/2025\/08\/tnt-post-300x157.png 300w, https:\/\/tributanaotributa.com.br\/wp-content\/uploads\/2025\/08\/tnt-post-1024x535.png 1024w, https:\/\/tributanaotributa.com.br\/wp-content\/uploads\/2025\/08\/tnt-post.png 1200w\" data-sizes=\"(max-width: 768px) 100vw, 768px\" src=\"data:image\/svg+xml;base64,PHN2ZyB3aWR0aD0iMSIgaGVpZ2h0PSIxIiB4bWxucz0iaHR0cDovL3d3dy53My5vcmcvMjAwMC9zdmciPjwvc3ZnPg==\" style=\"--smush-placeholder-width: 768px; --smush-placeholder-aspect-ratio: 768\/401;\" \/>\n             <\/div>\n        <\/div><div class=\"eael-entry-wrapper\"><header class=\"eael-entry-header\"><h2 class=\"eael-entry-title\"><a class=\"eael-grid-post-link\" href=\"https:\/\/tributanaotributa.com.br\/en\/produtor-rural\/\" title=\"Produtor rural na reforma tribut\u00e1ria\">Produtor rural na reforma tribut\u00e1ria<\/a><\/h2><\/header><div class=\"eael-entry-meta\"><span class=\"eael-posted-by\"><a href=\"https:\/\/tributanaotributa.com.br\/en\/author\/sperling-advogados\/\" title=\"Posts by F\u00e1bio Piovesan Bozza\" rel=\"author\">F\u00e1bio Piovesan Bozza<\/a><\/span><span class=\"eael-posted-on\"><time datetime=\"05\/08\/2025\">05\/08\/2025<\/time><\/span><\/div><\/div><\/div>\n        <\/div>\n    <\/article><article class=\"eael-grid-post eael-post-grid-column\" data-id=\"59238\">\n        <div class=\"eael-grid-post-holder\">\n            <div class=\"eael-grid-post-holder-inner\"><div class=\"eael-entry-media\"><div class=\"eael-entry-overlay fade-in\"><i class=\"fas fa-search\" aria-hidden=\"true\"><\/i><a href=\"https:\/\/tributanaotributa.com.br\/en\/tributacao-cooperativas\/\"><\/a><\/div><div class=\"eael-entry-thumbnail\">\n                 <img decoding=\"async\" width=\"768\" height=\"1086\" data-src=\"https:\/\/tributanaotributa.com.br\/wp-content\/uploads\/2025\/07\/mc_cooperativa-1-pdf-1-768x1086.jpg\" class=\"attachment-medium_large size-medium_large wp-image-59081 lazyload\" alt=\"imagem cooperativas pdf\" data-srcset=\"https:\/\/tributanaotributa.com.br\/wp-content\/uploads\/2025\/07\/mc_cooperativa-1-pdf-1-768x1086.jpg 768w, https:\/\/tributanaotributa.com.br\/wp-content\/uploads\/2025\/07\/mc_cooperativa-1-pdf-1-212x300.jpg 212w, https:\/\/tributanaotributa.com.br\/wp-content\/uploads\/2025\/07\/mc_cooperativa-1-pdf-1-724x1024.jpg 724w, https:\/\/tributanaotributa.com.br\/wp-content\/uploads\/2025\/07\/mc_cooperativa-1-pdf-1-1087x1536.jpg 1087w, https:\/\/tributanaotributa.com.br\/wp-content\/uploads\/2025\/07\/mc_cooperativa-1-pdf-1-1449x2048.jpg 1449w, https:\/\/tributanaotributa.com.br\/wp-content\/uploads\/2025\/07\/mc_cooperativa-1-pdf-1-1320x1866.jpg 1320w, https:\/\/tributanaotributa.com.br\/wp-content\/uploads\/2025\/07\/mc_cooperativa-1-pdf-1-scaled.jpg 1811w\" data-sizes=\"(max-width: 768px) 100vw, 768px\" src=\"data:image\/svg+xml;base64,PHN2ZyB3aWR0aD0iMSIgaGVpZ2h0PSIxIiB4bWxucz0iaHR0cDovL3d3dy53My5vcmcvMjAwMC9zdmciPjwvc3ZnPg==\" style=\"--smush-placeholder-width: 768px; --smush-placeholder-aspect-ratio: 768\/1086;\" \/>\n             <\/div>\n        <\/div><div class=\"eael-entry-wrapper\"><header class=\"eael-entry-header\"><h2 class=\"eael-entry-title\"><a class=\"eael-grid-post-link\" href=\"https:\/\/tributanaotributa.com.br\/en\/tributacao-cooperativas\/\" title=\"tributa\u00e7\u00e3o das cooperativas\">tributa\u00e7\u00e3o das cooperativas<\/a><\/h2><\/header><div class=\"eael-entry-meta\"><span class=\"eael-posted-by\"><a href=\"https:\/\/tributanaotributa.com.br\/en\/author\/sperling-advogados\/\" title=\"Posts by F\u00e1bio Piovesan Bozza\" rel=\"author\">F\u00e1bio Piovesan Bozza<\/a><\/span><span class=\"eael-posted-on\"><time datetime=\"05\/08\/2025\">05\/08\/2025<\/time><\/span><\/div><\/div><\/div>\n        <\/div>\n    <\/article><article class=\"eael-grid-post eael-post-grid-column\" data-id=\"59218\">\n        <div class=\"eael-grid-post-holder\">\n            <div class=\"eael-grid-post-holder-inner\"><div class=\"eael-entry-media\"><div class=\"eael-entry-overlay fade-in\"><i class=\"fas fa-search\" aria-hidden=\"true\"><\/i><a href=\"https:\/\/tributanaotributa.com.br\/en\/a-hora-e-a-vez-das-cooperativas\/\"><\/a><\/div><div class=\"eael-entry-thumbnail\">\n                 <img decoding=\"async\" width=\"768\" height=\"401\" data-src=\"https:\/\/tributanaotributa.com.br\/wp-content\/uploads\/2025\/08\/imagens-texto-768x401.png\" class=\"attachment-medium_large size-medium_large wp-image-59215 lazyload\" alt=\"fundo tnt agro\" data-srcset=\"https:\/\/tributanaotributa.com.br\/wp-content\/uploads\/2025\/08\/imagens-texto-768x401.png 768w, https:\/\/tributanaotributa.com.br\/wp-content\/uploads\/2025\/08\/imagens-texto-300x157.png 300w, https:\/\/tributanaotributa.com.br\/wp-content\/uploads\/2025\/08\/imagens-texto-1024x535.png 1024w, https:\/\/tributanaotributa.com.br\/wp-content\/uploads\/2025\/08\/imagens-texto.png 1200w\" data-sizes=\"(max-width: 768px) 100vw, 768px\" src=\"data:image\/svg+xml;base64,PHN2ZyB3aWR0aD0iMSIgaGVpZ2h0PSIxIiB4bWxucz0iaHR0cDovL3d3dy53My5vcmcvMjAwMC9zdmciPjwvc3ZnPg==\" style=\"--smush-placeholder-width: 768px; --smush-placeholder-aspect-ratio: 768\/401;\" \/>\n             <\/div>\n        <\/div><div class=\"eael-entry-wrapper\"><header class=\"eael-entry-header\"><h2 class=\"eael-entry-title\"><a class=\"eael-grid-post-link\" href=\"https:\/\/tributanaotributa.com.br\/en\/a-hora-e-a-vez-das-cooperativas\/\" title=\"A hora e a vez das cooperativas\">A hora e a vez das cooperativas<\/a><\/h2><\/header><div class=\"eael-entry-meta\"><span class=\"eael-posted-by\"><a href=\"https:\/\/tributanaotributa.com.br\/en\/author\/sperling-advogados\/\" title=\"Posts by F\u00e1bio Piovesan Bozza\" rel=\"author\">F\u00e1bio Piovesan Bozza<\/a><\/span><span class=\"eael-posted-on\"><time datetime=\"04\/08\/2025\">04\/08\/2025<\/time><\/span><\/div><\/div><\/div>\n        <\/div>\n    <\/article><\/div>\n            <div class=\"clearfix\"><\/div>\n        <\/div>\t\t\t\t<\/div>\n\t\t\t\t<\/div>\n\t\t\t\t<\/div>\n\t\t\t\t\t<\/div>\n\t\t\t\t<\/div>\n\t\t\t\t<\/div>","protected":false},"excerpt":{"rendered":"<p>TNT Agro Produtor rural na reforma tribut\u00e1ria F\u00e1bio Piovesan Bozza05\/08\/2025 Tributa\u00e7\u00e3o das cooperativas F\u00e1bio Piovesan Bozza05\/08\/2025 A hora e a vez das cooperativas F\u00e1bio Piovesan Bozza04\/08\/2025<\/p>","protected":false},"author":2,"featured_media":59240,"parent":0,"menu_order":0,"comment_status":"closed","ping_status":"closed","template":"","meta":{"footnotes":""},"class_list":["post-59207","page","type-page","status-publish","has-post-thumbnail","hentry","category-373","description-off"],"yoast_head":"<!-- This site is optimized with the Yoast SEO plugin v27.1.1 - https:\/\/yoast.com\/product\/yoast-seo-wordpress\/ -->\n<title>TNT Agro - Tributa N\u00e3o Tributa agroneg\u00f3cio<\/title>\n<meta name=\"description\" content=\"Entenda como as tributa\u00e7\u00f5es impactam o agroneg\u00f3cio no Brasil. Saiba tudo sobre impostos, isen\u00e7\u00f5es e estrat\u00e9gias fiscais para o setor agro.\" \/>\n<meta name=\"robots\" content=\"index, follow, max-snippet:-1, max-image-preview:large, max-video-preview:-1\" \/>\n<link rel=\"canonical\" href=\"https:\/\/tributanaotributa.com.br\/en\/tnt-agronegocio\/\" \/>\n<meta property=\"og:locale\" content=\"en_US\" \/>\n<meta property=\"og:type\" content=\"article\" \/>\n<meta property=\"og:title\" content=\"TNT Agro - Tributa N\u00e3o Tributa agroneg\u00f3cio\" \/>\n<meta property=\"og:description\" content=\"Entenda como as tributa\u00e7\u00f5es impactam o agroneg\u00f3cio no Brasil. Saiba tudo sobre impostos, isen\u00e7\u00f5es e estrat\u00e9gias fiscais para o setor agro.\" \/>\n<meta property=\"og:url\" content=\"https:\/\/tributanaotributa.com.br\/en\/tnt-agronegocio\/\" \/>\n<meta property=\"og:site_name\" content=\"Tributa N\u00e3o Tributa\" \/>\n<meta property=\"article:modified_time\" content=\"2025-08-27T23:18:05+00:00\" \/>\n<meta property=\"og:image\" content=\"https:\/\/tributanaotributa.com.br\/wp-content\/uploads\/2025\/08\/tnt-agro_plano-de-fundo.png\" \/>\n\t<meta property=\"og:image:width\" content=\"1200\" \/>\n\t<meta property=\"og:image:height\" content=\"627\" \/>\n\t<meta property=\"og:image:type\" content=\"image\/png\" \/>\n<meta name=\"twitter:card\" content=\"summary_large_image\" \/>\n<meta name=\"twitter:label1\" content=\"Est. reading time\" \/>\n\t<meta name=\"twitter:data1\" content=\"1 minute\" \/>\n<script type=\"application\/ld+json\" class=\"yoast-schema-graph\">{\"@context\":\"https:\/\/schema.org\",\"@graph\":[{\"@type\":\"WebPage\",\"@id\":\"https:\/\/tributanaotributa.com.br\/tnt-agronegocio\/\",\"url\":\"https:\/\/tributanaotributa.com.br\/tnt-agronegocio\/\",\"name\":\"TNT Agro - Tributa N\u00e3o Tributa agroneg\u00f3cio\",\"isPartOf\":{\"@id\":\"https:\/\/tributanaotributa.com.br\/#website\"},\"primaryImageOfPage\":{\"@id\":\"https:\/\/tributanaotributa.com.br\/tnt-agronegocio\/#primaryimage\"},\"image\":{\"@id\":\"https:\/\/tributanaotributa.com.br\/tnt-agronegocio\/#primaryimage\"},\"thumbnailUrl\":\"https:\/\/tributanaotributa.com.br\/wp-content\/uploads\/2025\/08\/tnt-agro_plano-de-fundo.png\",\"datePublished\":\"2025-08-03T15:05:52+00:00\",\"dateModified\":\"2025-08-27T23:18:05+00:00\",\"description\":\"Entenda como as tributa\u00e7\u00f5es impactam o agroneg\u00f3cio no Brasil. Saiba tudo sobre impostos, isen\u00e7\u00f5es e estrat\u00e9gias fiscais para o setor agro.\",\"breadcrumb\":{\"@id\":\"https:\/\/tributanaotributa.com.br\/tnt-agronegocio\/#breadcrumb\"},\"inLanguage\":\"en-US\",\"potentialAction\":[{\"@type\":\"ReadAction\",\"target\":[\"https:\/\/tributanaotributa.com.br\/tnt-agronegocio\/\"]}]},{\"@type\":\"ImageObject\",\"inLanguage\":\"en-US\",\"@id\":\"https:\/\/tributanaotributa.com.br\/tnt-agronegocio\/#primaryimage\",\"url\":\"https:\/\/tributanaotributa.com.br\/wp-content\/uploads\/2025\/08\/tnt-agro_plano-de-fundo.png\",\"contentUrl\":\"https:\/\/tributanaotributa.com.br\/wp-content\/uploads\/2025\/08\/tnt-agro_plano-de-fundo.png\",\"width\":1200,\"height\":627,\"caption\":\"tnt-agroneg\u00f3cio\"},{\"@type\":\"BreadcrumbList\",\"@id\":\"https:\/\/tributanaotributa.com.br\/tnt-agronegocio\/#breadcrumb\",\"itemListElement\":[{\"@type\":\"ListItem\",\"position\":1,\"name\":\"In\u00edcio\",\"item\":\"https:\/\/tributanaotributa.com.br\/\"},{\"@type\":\"ListItem\",\"position\":2,\"name\":\"TNT Agro\"}]},{\"@type\":\"WebSite\",\"@id\":\"https:\/\/tributanaotributa.com.br\/#website\",\"url\":\"https:\/\/tributanaotributa.com.br\/\",\"name\":\"Tributa N\u00e3o Tributa\",\"description\":\"TNT \u00e9 um blog que descomplica d\u00favidas sobre o que tributa e o que n\u00e3o tributa no dia a dia empresarial.\",\"publisher\":{\"@id\":\"https:\/\/tributanaotributa.com.br\/#organization\"},\"potentialAction\":[{\"@type\":\"SearchAction\",\"target\":{\"@type\":\"EntryPoint\",\"urlTemplate\":\"https:\/\/tributanaotributa.com.br\/?s={search_term_string}\"},\"query-input\":{\"@type\":\"PropertyValueSpecification\",\"valueRequired\":true,\"valueName\":\"search_term_string\"}}],\"inLanguage\":\"en-US\"},{\"@type\":\"Organization\",\"@id\":\"https:\/\/tributanaotributa.com.br\/#organization\",\"name\":\"Tributa N\u00e3o Tributa\",\"url\":\"https:\/\/tributanaotributa.com.br\/\",\"logo\":{\"@type\":\"ImageObject\",\"inLanguage\":\"en-US\",\"@id\":\"https:\/\/tributanaotributa.com.br\/#\/schema\/logo\/image\/\",\"url\":\"https:\/\/tributanaotributa.com.br\/wp-content\/uploads\/2024\/07\/logo-TNT-2024-final.png\",\"contentUrl\":\"https:\/\/tributanaotributa.com.br\/wp-content\/uploads\/2024\/07\/logo-TNT-2024-final.png\",\"width\":500,\"height\":200,\"caption\":\"Tributa N\u00e3o Tributa\"},\"image\":{\"@id\":\"https:\/\/tributanaotributa.com.br\/#\/schema\/logo\/image\/\"}}]}<\/script>\n<!-- \/ Yoast SEO plugin. -->","yoast_head_json":{"title":"TNT Agro - Tributa N\u00e3o Tributa agroneg\u00f3cio","description":"Entenda como as tributa\u00e7\u00f5es impactam o agroneg\u00f3cio no Brasil. Saiba tudo sobre impostos, isen\u00e7\u00f5es e estrat\u00e9gias fiscais para o setor agro.","robots":{"index":"index","follow":"follow","max-snippet":"max-snippet:-1","max-image-preview":"max-image-preview:large","max-video-preview":"max-video-preview:-1"},"canonical":"https:\/\/tributanaotributa.com.br\/en\/tnt-agronegocio\/","og_locale":"en_US","og_type":"article","og_title":"TNT Agro - Tributa N\u00e3o Tributa agroneg\u00f3cio","og_description":"Entenda como as tributa\u00e7\u00f5es impactam o agroneg\u00f3cio no Brasil. Saiba tudo sobre impostos, isen\u00e7\u00f5es e estrat\u00e9gias fiscais para o setor agro.","og_url":"https:\/\/tributanaotributa.com.br\/en\/tnt-agronegocio\/","og_site_name":"Tributa N\u00e3o Tributa","article_modified_time":"2025-08-27T23:18:05+00:00","og_image":[{"width":1200,"height":627,"url":"https:\/\/tributanaotributa.com.br\/wp-content\/uploads\/2025\/08\/tnt-agro_plano-de-fundo.png","type":"image\/png"}],"twitter_card":"summary_large_image","twitter_misc":{"Est. reading time":"1 minute"},"schema":{"@context":"https:\/\/schema.org","@graph":[{"@type":"WebPage","@id":"https:\/\/tributanaotributa.com.br\/tnt-agronegocio\/","url":"https:\/\/tributanaotributa.com.br\/tnt-agronegocio\/","name":"TNT Agro - Tributa N\u00e3o Tributa agroneg\u00f3cio","isPartOf":{"@id":"https:\/\/tributanaotributa.com.br\/#website"},"primaryImageOfPage":{"@id":"https:\/\/tributanaotributa.com.br\/tnt-agronegocio\/#primaryimage"},"image":{"@id":"https:\/\/tributanaotributa.com.br\/tnt-agronegocio\/#primaryimage"},"thumbnailUrl":"https:\/\/tributanaotributa.com.br\/wp-content\/uploads\/2025\/08\/tnt-agro_plano-de-fundo.png","datePublished":"2025-08-03T15:05:52+00:00","dateModified":"2025-08-27T23:18:05+00:00","description":"Entenda como as tributa\u00e7\u00f5es impactam o agroneg\u00f3cio no Brasil. Saiba tudo sobre impostos, isen\u00e7\u00f5es e estrat\u00e9gias fiscais para o setor agro.","breadcrumb":{"@id":"https:\/\/tributanaotributa.com.br\/tnt-agronegocio\/#breadcrumb"},"inLanguage":"en-US","potentialAction":[{"@type":"ReadAction","target":["https:\/\/tributanaotributa.com.br\/tnt-agronegocio\/"]}]},{"@type":"ImageObject","inLanguage":"en-US","@id":"https:\/\/tributanaotributa.com.br\/tnt-agronegocio\/#primaryimage","url":"https:\/\/tributanaotributa.com.br\/wp-content\/uploads\/2025\/08\/tnt-agro_plano-de-fundo.png","contentUrl":"https:\/\/tributanaotributa.com.br\/wp-content\/uploads\/2025\/08\/tnt-agro_plano-de-fundo.png","width":1200,"height":627,"caption":"tnt-agroneg\u00f3cio"},{"@type":"BreadcrumbList","@id":"https:\/\/tributanaotributa.com.br\/tnt-agronegocio\/#breadcrumb","itemListElement":[{"@type":"ListItem","position":1,"name":"In\u00edcio","item":"https:\/\/tributanaotributa.com.br\/"},{"@type":"ListItem","position":2,"name":"TNT Agro"}]},{"@type":"WebSite","@id":"https:\/\/tributanaotributa.com.br\/#website","url":"https:\/\/tributanaotributa.com.br\/","name":"Tributa N\u00e3o Tributa","description":"TNT \u00e9 um blog que descomplica d\u00favidas sobre o que tributa e o que n\u00e3o tributa no dia a dia empresarial.","publisher":{"@id":"https:\/\/tributanaotributa.com.br\/#organization"},"potentialAction":[{"@type":"SearchAction","target":{"@type":"EntryPoint","urlTemplate":"https:\/\/tributanaotributa.com.br\/?s={search_term_string}"},"query-input":{"@type":"PropertyValueSpecification","valueRequired":true,"valueName":"search_term_string"}}],"inLanguage":"en-US"},{"@type":"Organization","@id":"https:\/\/tributanaotributa.com.br\/#organization","name":"Tributa N\u00e3o Tributa","url":"https:\/\/tributanaotributa.com.br\/","logo":{"@type":"ImageObject","inLanguage":"en-US","@id":"https:\/\/tributanaotributa.com.br\/#\/schema\/logo\/image\/","url":"https:\/\/tributanaotributa.com.br\/wp-content\/uploads\/2024\/07\/logo-TNT-2024-final.png","contentUrl":"https:\/\/tributanaotributa.com.br\/wp-content\/uploads\/2024\/07\/logo-TNT-2024-final.png","width":500,"height":200,"caption":"Tributa N\u00e3o Tributa"},"image":{"@id":"https:\/\/tributanaotributa.com.br\/#\/schema\/logo\/image\/"}}]}},"_links":{"self":[{"href":"https:\/\/tributanaotributa.com.br\/en\/wp-json\/wp\/v2\/pages\/59207","targetHints":{"allow":["GET"]}}],"collection":[{"href":"https:\/\/tributanaotributa.com.br\/en\/wp-json\/wp\/v2\/pages"}],"about":[{"href":"https:\/\/tributanaotributa.com.br\/en\/wp-json\/wp\/v2\/types\/page"}],"author":[{"embeddable":true,"href":"https:\/\/tributanaotributa.com.br\/en\/wp-json\/wp\/v2\/users\/2"}],"replies":[{"embeddable":true,"href":"https:\/\/tributanaotributa.com.br\/en\/wp-json\/wp\/v2\/comments?post=59207"}],"version-history":[{"count":0,"href":"https:\/\/tributanaotributa.com.br\/en\/wp-json\/wp\/v2\/pages\/59207\/revisions"}],"wp:featuredmedia":[{"embeddable":true,"href":"https:\/\/tributanaotributa.com.br\/en\/wp-json\/wp\/v2\/media\/59240"}],"wp:attachment":[{"href":"https:\/\/tributanaotributa.com.br\/en\/wp-json\/wp\/v2\/media?parent=59207"}],"curies":[{"name":"wp","href":"https:\/\/api.w.org\/{rel}","templated":true}]}}